{"id":14,"date":"2021-01-14T13:55:55","date_gmt":"2021-01-14T13:55:55","guid":{"rendered":"http:\/\/172.16.113.211\/wordpress\/?page_id=8"},"modified":"2024-04-17T15:35:58","modified_gmt":"2024-04-17T14:35:58","slug":"contact","status":"publish","type":"page","link":"https:\/\/lesterrassesdelabergerie.fr\/en\/contact\/","title":{"rendered":"Contact"},"content":{"rendered":"<div data-elementor-type=\"wp-page\" data-elementor-id=\"14\" class=\"elementor elementor-14\">\n\t\t\t\t\t\t<section class=\"elementor-section elementor-top-section elementor-element elementor-element-9ec189a elementor-section-stretched elementor-section-boxed elementor-section-height-default elementor-section-height-default\" data-id=\"9ec189a\" data-element_type=\"section\" data-settings=\"{&quot;stretch_section&quot;:&quot;section-stretched&quot;}\">\n\t\t\t\t\t\t<div class=\"elementor-container elementor-column-gap-default\">\n\t\t\t\t\t<div class=\"elementor-column elementor-col-100 elementor-top-column elementor-element elementor-element-564dad1\" data-id=\"564dad1\" data-element_type=\"column\">\n\t\t\t<div class=\"elementor-widget-wrap elementor-element-populated\">\n\t\t\t\t\t\t<div class=\"elementor-element elementor-element-d13f055 elementor-widget elementor-widget-text-editor\" data-id=\"d13f055\" data-element_type=\"widget\" data-widget_type=\"text-editor.default\">\n\t\t\t\t<div class=\"elementor-widget-container\">\n\t\t\t\t\t\t\t\t\t<div class=\"elementor-element elementor-element-d13f055 elementor-widget elementor-widget-text-editor\" data-id=\"d13f055\" data-element_type=\"widget\" data-widget_type=\"text-editor.default\"><div class=\"elementor-widget-container\"><p>Dear visitor,<\/p><p>Nous vous remercions de votre int\u00e9r\u00eat. Comme ce site ne donne qu&rsquo;un aper\u00e7u des services offerts, veuillez nous envoyer un message avec vos options pr\u00e9f\u00e9r\u00e9es et nous vous r\u00e9pondrons rapidement avec des d\u00e9tails suppl\u00e9mentaires ainsi que les prix et la disponibilit\u00e9.<\/p><\/div><\/div>\t\t\t\t\t\t\t\t<\/div>\n\t\t\t\t<\/div>\n\t\t\t\t<section class=\"elementor-section elementor-inner-section elementor-element elementor-element-6c604e2 elementor-section-content-middle elementor-section-boxed elementor-section-height-default elementor-section-height-default\" data-id=\"6c604e2\" data-element_type=\"section\">\n\t\t\t\t\t\t<div class=\"elementor-container elementor-column-gap-extended\">\n\t\t\t\t\t<div class=\"elementor-column elementor-col-50 elementor-inner-column elementor-element elementor-element-a4a1818\" data-id=\"a4a1818\" data-element_type=\"column\">\n\t\t\t<div class=\"elementor-widget-wrap elementor-element-populated\">\n\t\t\t\t\t\t<div class=\"elementor-element elementor-element-3b95529 elementor-widget elementor-widget-wp-widget-wpforms-widget\" data-id=\"3b95529\" data-element_type=\"widget\" data-widget_type=\"wp-widget-wpforms-widget.default\">\n\t\t\t\t<div class=\"elementor-widget-container\">\n\t\t\t\t\t<div class=\"wpforms-container wpforms-container-full\" id=\"wpforms-793\"><form id=\"wpforms-form-793\" class=\"wpforms-validate wpforms-form\" data-formid=\"793\" method=\"post\" enctype=\"multipart\/form-data\" action=\"\/en\/wp-json\/wp\/v2\/pages\/14\" data-token=\"07d476165a0cbaf8954a7f6710bbe6a1\" data-trp-original-action=\"\/en\/wp-json\/wp\/v2\/pages\/14\"><noscript class=\"wpforms-error-noscript\">Please enable JavaScript in your browser to complete this form.<\/noscript><div class=\"wpforms-field-container\"><div id=\"wpforms-793-field_0-container\" class=\"wpforms-field wpforms-field-name\" data-field-id=\"0\"><label class=\"wpforms-field-label wpforms-label-hide\" for=\"wpforms-793-field_0\">Name <span class=\"wpforms-required-label\">*<\/span><\/label><input type=\"text\" id=\"wpforms-793-field_0\" class=\"wpforms-field-large wpforms-field-required\" name=\"wpforms[fields][0]\" placeholder=\"Your Name*\" required><\/div><div id=\"wpforms-793-field_3-container\" class=\"wpforms-field wpforms-field-email wpforms-one-half wpforms-first\" data-field-id=\"3\"><label class=\"wpforms-field-label wpforms-label-hide\" for=\"wpforms-793-field_3\">Email <span class=\"wpforms-required-label\">*<\/span><\/label><input type=\"email\" id=\"wpforms-793-field_3\" class=\"wpforms-field-large wpforms-field-required\" name=\"wpforms[fields][3]\" placeholder=\"Your E-mail*\" required><\/div><div id=\"wpforms-793-field_26-container\" class=\"wpforms-field wpforms-field-phone wpforms-one-half\" data-field-id=\"26\"><label class=\"wpforms-field-label wpforms-label-hide\" for=\"wpforms-793-field_26\">Phone <span class=\"wpforms-required-label\">*<\/span><\/label><input type=\"tel\" id=\"wpforms-793-field_26\" class=\"wpforms-field-large wpforms-field-required\" data-rule-int-phone-field=\"true\" name=\"wpforms[fields][26]\" placeholder=\"Votre num\u00e9ro de t\u00e9l\u00e9phone*\" required><\/div><div id=\"wpforms-793-field_18-container\" class=\"wpforms-field wpforms-field-date-time wpforms-one-half wpforms-first\" data-field-id=\"18\"><label class=\"wpforms-field-label wpforms-label-hide\" for=\"wpforms-793-field_18\">Arrival Date<\/label><div class=\"wpforms-datepicker-wrap\"><input type=\"text\" id=\"wpforms-793-field_18\" class=\"wpforms-field-date-time-date wpforms-datepicker wpforms-field-large\" data-date-format=\"d\/m\/Y\" data-disable-past-dates=\"1\" data-input=\"true\" name=\"wpforms[fields][18][date]\" placeholder=\"Date d&#039;arriv\u00e9e\" ><a title=\"Clear Date\" data-clear class=\"wpforms-datepicker-clear\" style=\"display:none;\"><\/a><\/div><\/div><div id=\"wpforms-793-field_20-container\" class=\"wpforms-field wpforms-field-date-time wpforms-one-half\" data-field-id=\"20\"><label class=\"wpforms-field-label wpforms-label-hide\" for=\"wpforms-793-field_20\">Leaving Date<\/label><div class=\"wpforms-datepicker-wrap\"><input type=\"text\" id=\"wpforms-793-field_20\" class=\"wpforms-field-date-time-date wpforms-datepicker wpforms-field-large\" data-date-format=\"d\/m\/Y\" data-disable-past-dates=\"1\" data-input=\"true\" name=\"wpforms[fields][20][date]\" placeholder=\"Leaving Date\" ><a title=\"Clear Date\" data-clear class=\"wpforms-datepicker-clear\" style=\"display:none;\"><\/a><\/div><\/div><div id=\"wpforms-793-field_12-container\" class=\"wpforms-field wpforms-field-select wpforms-two-thirds wpforms-first wpforms-field-select-style-classic\" data-field-id=\"12\"><label class=\"wpforms-field-label wpforms-label-hide\" for=\"wpforms-793-field_12\">Preferred Apartment<\/label><select id=\"wpforms-793-field_12\" class=\"wpforms-field-large\" name=\"wpforms[fields][12]\"><option value=\"\" class=\"placeholder\" disabled selected='selected'>Preferred Apartment<\/option><option value=\"Appartement de 1 chambre \u00e0 coucher pour 4 personnes (environ 28m\u00b2)\" >1 bedroom apartment for 4 people (approx. 28m\u00b2)<\/option><option value=\"Appartement de 2 chambres pour 6 personnes (environ 36 \u00e0 42m\u00b2)\" >2 bedroom apartment for 6 people (approx. 36 to 42m\u00b2)<\/option><option value=\"Appartement de 2 chambres \u00e0 coucher pour 6 personnes (environ 46 \u00e0 49m\u00b2)\" >2 bedroom apartment for 6 people (approx. 46 to 49m\u00b2)<\/option><option value=\"Appartement de 3 chambres pour 7\/8 personnes (environ 55 \u00e0 57m\u00b2)\" >3 bedroom apartment for 7\/8 people (approx. 55 to 57m\u00b2)<\/option><\/select><\/div><div id=\"wpforms-793-field_16-container\" class=\"wpforms-field wpforms-field-text wpforms-one-half wpforms-one-third\" data-field-id=\"16\"><label class=\"wpforms-field-label wpforms-label-hide\" for=\"wpforms-793-field_16\">Number of guests<\/label><input type=\"text\" id=\"wpforms-793-field_16\" class=\"wpforms-field-large wpforms-masked-input\" data-inputmask-mask=\"9{1,2}\" data-rule-empty-blanks=\"1\" name=\"wpforms[fields][16]\" value=\"Number of Guests\" placeholder=\"Number of guests\" ><\/div><div id=\"wpforms-793-field_2-container\" class=\"wpforms-field wpforms-field-textarea\" data-field-id=\"2\"><label class=\"wpforms-field-label wpforms-label-hide\" for=\"wpforms-793-field_2\">Message <span class=\"wpforms-required-label\">*<\/span><\/label><textarea id=\"wpforms-793-field_2\" class=\"wpforms-field-large wpforms-field-required\" name=\"wpforms[fields][2]\" placeholder=\"Your Message\" required><\/textarea><\/div><div id=\"wpforms-793-field_23-container\" class=\"wpforms-field wpforms-field-hidden\" data-field-id=\"23\"><input type=\"hidden\" id=\"wpforms-793-field_23\" name=\"wpforms[fields][23]\"><\/div><\/div><input type=\"hidden\" name=\"wpforms[recaptcha]\" value=\"\"><div class=\"wpforms-submit-container\" ><input type=\"hidden\" name=\"wpforms[id]\" value=\"793\"><input type=\"hidden\" name=\"wpforms[author]\" value=\"1\"><button type=\"submit\" name=\"wpforms[submit]\" class=\"wpforms-submit\" id=\"wpforms-submit-793\" value=\"wpforms-submit\" aria-live=\"assertive\" data-alt-text=\"En cours d&#039;envoi...\" data-submit-text=\"Envoyer message\">Send<\/button><\/div><input type=\"hidden\" name=\"trp-form-language\" value=\"en\"\/><\/form><\/div>  <!-- .wpforms-container -->\t\t\t\t<\/div>\n\t\t\t\t<\/div>\n\t\t\t\t\t<\/div>\n\t\t<\/div>\n\t\t\t\t<div class=\"elementor-column elementor-col-50 elementor-inner-column elementor-element elementor-element-4b87f22\" data-id=\"4b87f22\" data-element_type=\"column\">\n\t\t\t<div class=\"elementor-widget-wrap elementor-element-populated\">\n\t\t\t\t\t\t<div class=\"elementor-element elementor-element-31022c4 elementor-widget elementor-widget-text-editor\" data-id=\"31022c4\" data-element_type=\"widget\" data-widget_type=\"text-editor.default\">\n\t\t\t\t<div class=\"elementor-widget-container\">\n\t\t\t\t\t\t\t\t\t<h4 style=\"text-align: center;\">Les Terrasses de la Bergerie<\/h4><p>Mont\u00e9e de Roc Blanc<br \/>05170 Orci\u00e8res<\/p><p style=\"text-align: center;\"><a href=\"https:\/\/what3words.com\/amuse.magnitudes.bloopers\" target=\"_blank\" rel=\"noopener\">(cliquez ici pour localiser)<\/a><\/p>\t\t\t\t\t\t\t\t<\/div>\n\t\t\t\t<\/div>\n\t\t\t\t\t<\/div>\n\t\t<\/div>\n\t\t\t\t\t<\/div>\n\t\t<\/section>\n\t\t\t\t\t<\/div>\n\t\t<\/div>\n\t\t\t\t\t<\/div>\n\t\t<\/section>\n\t\t\t\t<section class=\"elementor-section elementor-top-section elementor-element elementor-element-49d17d9 elementor-section-stretched elementor-section-boxed elementor-section-height-default elementor-section-height-default\" data-id=\"49d17d9\" data-element_type=\"section\" data-settings=\"{&quot;stretch_section&quot;:&quot;section-stretched&quot;}\">\n\t\t\t\t\t\t<div class=\"elementor-container elementor-column-gap-default\">\n\t\t\t\t\t<div class=\"elementor-column elementor-col-100 elementor-top-column elementor-element elementor-element-257c1e3\" data-id=\"257c1e3\" data-element_type=\"column\">\n\t\t\t<div class=\"elementor-widget-wrap\">\n\t\t\t\t\t\t\t<\/div>\n\t\t<\/div>\n\t\t\t\t\t<\/div>\n\t\t<\/section>\n\t\t\t\t<\/div>","protected":false},"excerpt":{"rendered":"<p>Cher visiteur, Nous vous remercions de votre int\u00e9r\u00eat. Comme ce site ne donne qu&rsquo;un aper\u00e7u des services offerts, veuillez nous envoyer un message avec vos options pr\u00e9f\u00e9r\u00e9es et nous vous r\u00e9pondrons rapidement avec des d\u00e9tails suppl\u00e9mentaires ainsi que les prix et la disponibilit\u00e9. Les Terrasses de la Bergerie Mont\u00e9e de [&hellip;]<\/p>","protected":false},"author":1,"featured_media":0,"parent":0,"menu_order":6,"comment_status":"closed","ping_status":"closed","template":"","meta":{"_glsr_average":0,"_glsr_ranking":0,"_glsr_reviews":0,"footnotes":""},"class_list":["post-14","page","type-page","status-publish","hentry"],"yoast_head":"<!-- This site is optimized with the Yoast SEO plugin v26.4 - https:\/\/yoast.com\/wordpress\/plugins\/seo\/ -->\n<title>Les Terrasses de la Bergerie -Officiel Propri\u00e9taires - Contact<\/title>\n<meta name=\"description\" content=\"Louez votre appartement dans la r\u00e9sidence la mieux situ\u00e9e a Orci\u00e8res - Rent your ski apartment in the best located residence at Orci\u00e8res.\" \/>\n<meta name=\"robots\" content=\"index, follow, max-snippet:-1, max-image-preview:large, max-video-preview:-1\" \/>\n<link rel=\"canonical\" href=\"https:\/\/lesterrassesdelabergerie.fr\/en\/contact\/\" \/>\n<meta property=\"og:locale\" content=\"en_GB\" \/>\n<meta property=\"og:type\" content=\"article\" \/>\n<meta property=\"og:title\" content=\"Les Terrasses de la Bergerie -Officiel Propri\u00e9taires - Contact\" \/>\n<meta property=\"og:description\" content=\"Louez votre appartement dans la r\u00e9sidence la mieux situ\u00e9e a Orci\u00e8res - Rent your ski apartment in the best located residence at Orci\u00e8res.\" \/>\n<meta property=\"og:url\" content=\"https:\/\/lesterrassesdelabergerie.fr\/en\/contact\/\" \/>\n<meta property=\"og:site_name\" content=\"Les Terrasses de la Bergerie - Officiel Propri\u00e9taires\" \/>\n<meta property=\"article:modified_time\" content=\"2024-04-17T14:35:58+00:00\" \/>\n<meta name=\"twitter:card\" content=\"summary_large_image\" \/>\n<meta name=\"twitter:label1\" content=\"Estimated reading time\" \/>\n\t<meta name=\"twitter:data1\" content=\"1 minute\" \/>\n<script type=\"application\/ld+json\" class=\"yoast-schema-graph\">{\"@context\":\"https:\/\/schema.org\",\"@graph\":[{\"@type\":\"WebPage\",\"@id\":\"https:\/\/lesterrassesdelabergerie.fr\/contact\/\",\"url\":\"https:\/\/lesterrassesdelabergerie.fr\/contact\/\",\"name\":\"Les Terrasses de la Bergerie -Officiel Propri\u00e9taires - Contact\",\"isPartOf\":{\"@id\":\"https:\/\/lesterrassesdelabergerie.fr\/#website\"},\"datePublished\":\"2021-01-14T13:55:55+00:00\",\"dateModified\":\"2024-04-17T14:35:58+00:00\",\"description\":\"Louez votre appartement dans la r\u00e9sidence la mieux situ\u00e9e a Orci\u00e8res - Rent your ski apartment in the best located residence at Orci\u00e8res.\",\"breadcrumb\":{\"@id\":\"https:\/\/lesterrassesdelabergerie.fr\/contact\/#breadcrumb\"},\"inLanguage\":\"en-GB\",\"potentialAction\":[{\"@type\":\"ReadAction\",\"target\":[\"https:\/\/lesterrassesdelabergerie.fr\/contact\/\"]}]},{\"@type\":\"BreadcrumbList\",\"@id\":\"https:\/\/lesterrassesdelabergerie.fr\/contact\/#breadcrumb\",\"itemListElement\":[{\"@type\":\"ListItem\",\"position\":1,\"name\":\"Home\",\"item\":\"https:\/\/lesterrassesdelabergerie.fr\/\"},{\"@type\":\"ListItem\",\"position\":2,\"name\":\"Contact\"}]},{\"@type\":\"WebSite\",\"@id\":\"https:\/\/lesterrassesdelabergerie.fr\/#website\",\"url\":\"https:\/\/lesterrassesdelabergerie.fr\/\",\"name\":\"Les Terrasses de la Bergerie - Officiel Propri\u00e9taires\",\"description\":\"Les Terrasses de la Bergerie\",\"publisher\":{\"@id\":\"https:\/\/lesterrassesdelabergerie.fr\/#organization\"},\"potentialAction\":[{\"@type\":\"SearchAction\",\"target\":{\"@type\":\"EntryPoint\",\"urlTemplate\":\"https:\/\/lesterrassesdelabergerie.fr\/?s={search_term_string}\"},\"query-input\":{\"@type\":\"PropertyValueSpecification\",\"valueRequired\":true,\"valueName\":\"search_term_string\"}}],\"inLanguage\":\"en-GB\"},{\"@type\":\"Organization\",\"@id\":\"https:\/\/lesterrassesdelabergerie.fr\/#organization\",\"name\":\"Les Terrasses de la Bergerie - Officiel Propri\u00e9taires\",\"url\":\"https:\/\/lesterrassesdelabergerie.fr\/\",\"logo\":{\"@type\":\"ImageObject\",\"inLanguage\":\"en-GB\",\"@id\":\"https:\/\/lesterrassesdelabergerie.fr\/#\/schema\/logo\/image\/\",\"url\":\"https:\/\/lesterrassesdelabergerie.fr\/wp-content\/uploads\/2021\/11\/cropped-imageedit_1_3368924813-1.png\",\"contentUrl\":\"https:\/\/lesterrassesdelabergerie.fr\/wp-content\/uploads\/2021\/11\/cropped-imageedit_1_3368924813-1.png\",\"width\":512,\"height\":512,\"caption\":\"Les Terrasses de la Bergerie - Officiel Propri\u00e9taires\"},\"image\":{\"@id\":\"https:\/\/lesterrassesdelabergerie.fr\/#\/schema\/logo\/image\/\"}}]}<\/script>\n<!-- \/ Yoast SEO plugin. -->","yoast_head_json":{"title":"Les Terrasses de la Bergerie -Officiel Propri\u00e9taires - Contact","description":"Louez votre appartement dans la r\u00e9sidence la mieux situ\u00e9e a Orci\u00e8res - Rent your ski apartment in the best located residence at Orci\u00e8res.","robots":{"index":"index","follow":"follow","max-snippet":"max-snippet:-1","max-image-preview":"max-image-preview:large","max-video-preview":"max-video-preview:-1"},"canonical":"https:\/\/lesterrassesdelabergerie.fr\/en\/contact\/","og_locale":"en_GB","og_type":"article","og_title":"Les Terrasses de la Bergerie -Officiel Propri\u00e9taires - Contact","og_description":"Louez votre appartement dans la r\u00e9sidence la mieux situ\u00e9e a Orci\u00e8res - Rent your ski apartment in the best located residence at Orci\u00e8res.","og_url":"https:\/\/lesterrassesdelabergerie.fr\/en\/contact\/","og_site_name":"Les Terrasses de la Bergerie - Officiel Propri\u00e9taires","article_modified_time":"2024-04-17T14:35:58+00:00","twitter_card":"summary_large_image","twitter_misc":{"Estimated reading time":"1 minute"},"schema":{"@context":"https:\/\/schema.org","@graph":[{"@type":"WebPage","@id":"https:\/\/lesterrassesdelabergerie.fr\/contact\/","url":"https:\/\/lesterrassesdelabergerie.fr\/contact\/","name":"Les Terrasses de la Bergerie -Officiel Propri\u00e9taires - Contact","isPartOf":{"@id":"https:\/\/lesterrassesdelabergerie.fr\/#website"},"datePublished":"2021-01-14T13:55:55+00:00","dateModified":"2024-04-17T14:35:58+00:00","description":"Louez votre appartement dans la r\u00e9sidence la mieux situ\u00e9e a Orci\u00e8res - Rent your ski apartment in the best located residence at Orci\u00e8res.","breadcrumb":{"@id":"https:\/\/lesterrassesdelabergerie.fr\/contact\/#breadcrumb"},"inLanguage":"en-GB","potentialAction":[{"@type":"ReadAction","target":["https:\/\/lesterrassesdelabergerie.fr\/contact\/"]}]},{"@type":"BreadcrumbList","@id":"https:\/\/lesterrassesdelabergerie.fr\/contact\/#breadcrumb","itemListElement":[{"@type":"ListItem","position":1,"name":"Home","item":"https:\/\/lesterrassesdelabergerie.fr\/"},{"@type":"ListItem","position":2,"name":"Contact"}]},{"@type":"WebSite","@id":"https:\/\/lesterrassesdelabergerie.fr\/#website","url":"https:\/\/lesterrassesdelabergerie.fr\/","name":"Les Terrasses de la Bergerie - Officiel Propri\u00e9taires","description":"Les Terrasses de la Bergerie","publisher":{"@id":"https:\/\/lesterrassesdelabergerie.fr\/#organization"},"potentialAction":[{"@type":"SearchAction","target":{"@type":"EntryPoint","urlTemplate":"https:\/\/lesterrassesdelabergerie.fr\/?s={search_term_string}"},"query-input":{"@type":"PropertyValueSpecification","valueRequired":true,"valueName":"search_term_string"}}],"inLanguage":"en-GB"},{"@type":"Organization","@id":"https:\/\/lesterrassesdelabergerie.fr\/#organization","name":"Les Terrasses de la Bergerie - Officiel Propri\u00e9taires","url":"https:\/\/lesterrassesdelabergerie.fr\/","logo":{"@type":"ImageObject","inLanguage":"en-GB","@id":"https:\/\/lesterrassesdelabergerie.fr\/#\/schema\/logo\/image\/","url":"https:\/\/lesterrassesdelabergerie.fr\/wp-content\/uploads\/2021\/11\/cropped-imageedit_1_3368924813-1.png","contentUrl":"https:\/\/lesterrassesdelabergerie.fr\/wp-content\/uploads\/2021\/11\/cropped-imageedit_1_3368924813-1.png","width":512,"height":512,"caption":"Les Terrasses de la Bergerie - Officiel Propri\u00e9taires"},"image":{"@id":"https:\/\/lesterrassesdelabergerie.fr\/#\/schema\/logo\/image\/"}}]}},"_links":{"self":[{"href":"https:\/\/lesterrassesdelabergerie.fr\/en\/wp-json\/wp\/v2\/pages\/14","targetHints":{"allow":["GET"]}}],"collection":[{"href":"https:\/\/lesterrassesdelabergerie.fr\/en\/wp-json\/wp\/v2\/pages"}],"about":[{"href":"https:\/\/lesterrassesdelabergerie.fr\/en\/wp-json\/wp\/v2\/types\/page"}],"author":[{"embeddable":true,"href":"https:\/\/lesterrassesdelabergerie.fr\/en\/wp-json\/wp\/v2\/users\/1"}],"replies":[{"embeddable":true,"href":"https:\/\/lesterrassesdelabergerie.fr\/en\/wp-json\/wp\/v2\/comments?post=14"}],"version-history":[{"count":50,"href":"https:\/\/lesterrassesdelabergerie.fr\/en\/wp-json\/wp\/v2\/pages\/14\/revisions"}],"predecessor-version":[{"id":4070,"href":"https:\/\/lesterrassesdelabergerie.fr\/en\/wp-json\/wp\/v2\/pages\/14\/revisions\/4070"}],"wp:attachment":[{"href":"https:\/\/lesterrassesdelabergerie.fr\/en\/wp-json\/wp\/v2\/media?parent=14"}],"curies":[{"name":"wp","href":"https:\/\/api.w.org\/{rel}","templated":true}]}}