{"id":1502,"date":"2021-11-01T07:59:59","date_gmt":"2021-11-01T07:59:59","guid":{"rendered":"https:\/\/lesterrassesdelabergerie.fr\/?page_id=1502"},"modified":"2026-02-06T13:49:05","modified_gmt":"2026-02-06T13:49:05","slug":"appartement-a207-contact","status":"publish","type":"page","link":"https:\/\/lesterrassesdelabergerie.fr\/en\/apartment-a207-contact\/","title":{"rendered":"Appartement A207 &#8211; Contact"},"content":{"rendered":"<div data-elementor-type=\"wp-page\" data-elementor-id=\"1502\" class=\"elementor elementor-1502\">\n\t\t\t\t\t\t<section class=\"elementor-section elementor-top-section elementor-element elementor-element-7514c49 elementor-section-boxed elementor-section-height-default elementor-section-height-default\" data-id=\"7514c49\" data-element_type=\"section\">\n\t\t\t\t\t\t<div class=\"elementor-container elementor-column-gap-default\">\n\t\t\t\t\t<div class=\"elementor-column elementor-col-100 elementor-top-column elementor-element elementor-element-bff497e\" data-id=\"bff497e\" data-element_type=\"column\">\n\t\t\t<div class=\"elementor-widget-wrap elementor-element-populated\">\n\t\t\t\t\t\t<div class=\"elementor-element elementor-element-eb5bb64 elementor-widget elementor-widget-wpforms\" data-id=\"eb5bb64\" data-element_type=\"widget\" data-widget_type=\"wpforms.default\">\n\t\t\t\t<div class=\"elementor-widget-container\">\n\t\t\t\t\t<div class=\"wpforms-container wpforms-container-full\" id=\"wpforms-1634\"><form id=\"wpforms-form-1634\" class=\"wpforms-validate wpforms-form wpforms-ajax-form\" data-formid=\"1634\" method=\"post\" enctype=\"multipart\/form-data\" action=\"\/en\/wp-json\/wp\/v2\/pages\/1502\" data-token=\"d227d23d143b43fa9ebafd36a75b6177\" data-trp-original-action=\"\/en\/wp-json\/wp\/v2\/pages\/1502\"><div class=\"wpforms-head-container\"><\/div><noscript class=\"wpforms-error-noscript\">Please enable JavaScript in your browser to complete this form.<\/noscript><div class=\"wpforms-field-container\"><div id=\"wpforms-1634-field_1-container\" class=\"wpforms-field wpforms-field-name\" data-field-id=\"1\"><label class=\"wpforms-field-label wpforms-label-hide\" for=\"wpforms-1634-field_1\">Name <span class=\"wpforms-required-label\">*<\/span><\/label><input type=\"text\" id=\"wpforms-1634-field_1\" class=\"wpforms-field-large wpforms-field-required\" name=\"wpforms[fields][1]\" placeholder=\"Name*\" required><\/div><div id=\"wpforms-1634-field_2-container\" class=\"wpforms-field wpforms-field-email wpforms-one-half wpforms-first\" data-field-id=\"2\"><label class=\"wpforms-field-label wpforms-label-hide\" for=\"wpforms-1634-field_2\">Email <span class=\"wpforms-required-label\">*<\/span><\/label><input type=\"email\" id=\"wpforms-1634-field_2\" class=\"wpforms-field-large wpforms-field-required\" name=\"wpforms[fields][2]\" placeholder=\"Email*\" required><\/div><div id=\"wpforms-1634-field_3-container\" class=\"wpforms-field wpforms-field-phone wpforms-one-half\" data-field-id=\"3\"><label class=\"wpforms-field-label wpforms-label-hide\" for=\"wpforms-1634-field_3\">Phone <span class=\"wpforms-required-label\">*<\/span><\/label><input type=\"tel\" id=\"wpforms-1634-field_3\" class=\"wpforms-field-large wpforms-field-required\" data-rule-int-phone-field=\"true\" name=\"wpforms[fields][3]\" placeholder=\"Num\u00e9ro de t\u00e9l\u00e9phone*\" required><\/div><div id=\"wpforms-1634-field_4-container\" class=\"wpforms-field wpforms-field-date-time wpforms-one-half wpforms-first\" data-field-id=\"4\"><label class=\"wpforms-field-label wpforms-label-hide\" for=\"wpforms-1634-field_4\">Date \/ Time<\/label><div class=\"wpforms-datepicker-wrap\"><input type=\"text\" id=\"wpforms-1634-field_4\" class=\"wpforms-field-date-time-date wpforms-datepicker wpforms-field-large\" data-date-format=\"d\/m\/Y\" data-disable-past-dates=\"1\" data-input=\"true\" name=\"wpforms[fields][4][date]\" placeholder=\"Date d&#039;arriv\u00e9e\" ><a title=\"Clear Date\" data-clear class=\"wpforms-datepicker-clear\" style=\"display:none;\"><\/a><\/div><\/div><div id=\"wpforms-1634-field_5-container\" class=\"wpforms-field wpforms-field-date-time wpforms-one-half\" data-field-id=\"5\"><label class=\"wpforms-field-label wpforms-label-hide\" for=\"wpforms-1634-field_5\">Date \/ Time<\/label><div class=\"wpforms-datepicker-wrap\"><input type=\"text\" id=\"wpforms-1634-field_5\" class=\"wpforms-field-date-time-date wpforms-datepicker wpforms-field-large\" data-date-format=\"d\/m\/Y\" data-disable-past-dates=\"1\" data-input=\"true\" name=\"wpforms[fields][5][date]\" placeholder=\"Leaving Date\" ><a title=\"Clear Date\" data-clear class=\"wpforms-datepicker-clear\" style=\"display:none;\"><\/a><\/div><\/div><div id=\"wpforms-1634-field_6-container\" class=\"wpforms-field wpforms-field-number\" data-field-id=\"6\"><label class=\"wpforms-field-label wpforms-label-hide\" for=\"wpforms-1634-field_6\">Number of guests<\/label><input type=\"number\" pattern=\"\\d*\" id=\"wpforms-1634-field_6\" class=\"wpforms-field-large\" name=\"wpforms[fields][6]\" placeholder=\"Number of guests\" ><\/div><div id=\"wpforms-1634-field_7-container\" class=\"wpforms-field wpforms-field-textarea\" data-field-id=\"7\"><label class=\"wpforms-field-label wpforms-label-hide\" for=\"wpforms-1634-field_7\">Paragraph Text<\/label><textarea id=\"wpforms-1634-field_7\" class=\"wpforms-field-large\" name=\"wpforms[fields][7]\" placeholder=\"Message*\" ><\/textarea><\/div><div id=\"wpforms-1634-field_8-container\" class=\"wpforms-field wpforms-field-hidden\" data-field-id=\"8\"><input type=\"hidden\" id=\"wpforms-1634-field_8\" name=\"wpforms[fields][8]\"><\/div><\/div><input type=\"hidden\" name=\"wpforms[recaptcha]\" value=\"\"><div class=\"wpforms-submit-container\" ><input type=\"hidden\" name=\"wpforms[id]\" value=\"1634\"><input type=\"hidden\" name=\"wpforms[author]\" value=\"1\"><button type=\"submit\" name=\"wpforms[submit]\" class=\"wpforms-submit\" id=\"wpforms-submit-1634\" value=\"wpforms-submit\" aria-live=\"assertive\" data-alt-text=\"Envoi en cours...\" data-submit-text=\"Envoyer\">Send<\/button><img decoding=\"async\" src=\"https:\/\/lesterrassesdelabergerie.fr\/wp-content\/plugins\/wpforms\/assets\/images\/submit-spin.svg\" class=\"wpforms-submit-spinner\" style=\"display: none;\" width=\"26\" height=\"26\" alt=\"\"><\/div><input type=\"hidden\" name=\"trp-form-language\" value=\"en\"\/><\/form><\/div>  <!-- .wpforms-container -->\t\t\t\t<\/div>\n\t\t\t\t<\/div>\n\t\t\t\t\t<\/div>\n\t\t<\/div>\n\t\t\t\t\t<\/div>\n\t\t<\/section>\n\t\t\t\t<\/div>","protected":false},"excerpt":{"rendered":"","protected":false},"author":1,"featured_media":0,"parent":0,"menu_order":21,"comment_status":"closed","ping_status":"closed","template":"","meta":{"_glsr_average":0,"_glsr_ranking":0,"_glsr_reviews":0,"footnotes":""},"class_list":["post-1502","page","type-page","status-publish","hentry"],"yoast_head":"<!-- This site is optimized with the Yoast SEO plugin v26.4 - https:\/\/yoast.com\/wordpress\/plugins\/seo\/ -->\n<title>Les Terrasses de la Bergerie -Officiel Propri\u00e9taires - Appartement A207 - Contact<\/title>\n<meta name=\"description\" content=\"Louez votre appartement dans la r\u00e9sidence la mieux situ\u00e9e a Orci\u00e8res - Rent your ski apartment in the best located residence at Orci\u00e8res.\" \/>\n<meta name=\"robots\" content=\"index, follow, max-snippet:-1, max-image-preview:large, max-video-preview:-1\" \/>\n<link rel=\"canonical\" href=\"https:\/\/lesterrassesdelabergerie.fr\/en\/apartment-a207-contact\/\" \/>\n<meta property=\"og:locale\" content=\"en_GB\" \/>\n<meta property=\"og:type\" content=\"article\" \/>\n<meta property=\"og:title\" content=\"Les Terrasses de la Bergerie -Officiel Propri\u00e9taires - Appartement A207 - Contact\" \/>\n<meta property=\"og:description\" content=\"Louez votre appartement dans la r\u00e9sidence la mieux situ\u00e9e a Orci\u00e8res - Rent your ski apartment in the best located residence at Orci\u00e8res.\" \/>\n<meta property=\"og:url\" content=\"https:\/\/lesterrassesdelabergerie.fr\/en\/apartment-a207-contact\/\" \/>\n<meta property=\"og:site_name\" content=\"Les Terrasses de la Bergerie - Officiel Propri\u00e9taires\" \/>\n<meta property=\"article:modified_time\" content=\"2026-02-06T13:49:05+00:00\" \/>\n<meta name=\"twitter:card\" content=\"summary_large_image\" \/>\n<meta name=\"twitter:label1\" content=\"Estimated reading time\" \/>\n\t<meta name=\"twitter:data1\" content=\"1 minute\" \/>\n<script type=\"application\/ld+json\" class=\"yoast-schema-graph\">{\"@context\":\"https:\/\/schema.org\",\"@graph\":[{\"@type\":\"WebPage\",\"@id\":\"https:\/\/lesterrassesdelabergerie.fr\/appartement-a207-contact\/\",\"url\":\"https:\/\/lesterrassesdelabergerie.fr\/appartement-a207-contact\/\",\"name\":\"Les Terrasses de la Bergerie -Officiel Propri\u00e9taires - Appartement A207 - Contact\",\"isPartOf\":{\"@id\":\"https:\/\/lesterrassesdelabergerie.fr\/#website\"},\"datePublished\":\"2021-11-01T07:59:59+00:00\",\"dateModified\":\"2026-02-06T13:49:05+00:00\",\"description\":\"Louez votre appartement dans la r\u00e9sidence la mieux situ\u00e9e a Orci\u00e8res - Rent your ski apartment in the best located residence at Orci\u00e8res.\",\"breadcrumb\":{\"@id\":\"https:\/\/lesterrassesdelabergerie.fr\/appartement-a207-contact\/#breadcrumb\"},\"inLanguage\":\"en-GB\",\"potentialAction\":[{\"@type\":\"ReadAction\",\"target\":[\"https:\/\/lesterrassesdelabergerie.fr\/appartement-a207-contact\/\"]}]},{\"@type\":\"BreadcrumbList\",\"@id\":\"https:\/\/lesterrassesdelabergerie.fr\/appartement-a207-contact\/#breadcrumb\",\"itemListElement\":[{\"@type\":\"ListItem\",\"position\":1,\"name\":\"Home\",\"item\":\"https:\/\/lesterrassesdelabergerie.fr\/\"},{\"@type\":\"ListItem\",\"position\":2,\"name\":\"Appartement A207 &#8211; Contact\"}]},{\"@type\":\"WebSite\",\"@id\":\"https:\/\/lesterrassesdelabergerie.fr\/#website\",\"url\":\"https:\/\/lesterrassesdelabergerie.fr\/\",\"name\":\"Les Terrasses de la Bergerie - Officiel Propri\u00e9taires\",\"description\":\"Les Terrasses de la Bergerie\",\"publisher\":{\"@id\":\"https:\/\/lesterrassesdelabergerie.fr\/#organization\"},\"potentialAction\":[{\"@type\":\"SearchAction\",\"target\":{\"@type\":\"EntryPoint\",\"urlTemplate\":\"https:\/\/lesterrassesdelabergerie.fr\/?s={search_term_string}\"},\"query-input\":{\"@type\":\"PropertyValueSpecification\",\"valueRequired\":true,\"valueName\":\"search_term_string\"}}],\"inLanguage\":\"en-GB\"},{\"@type\":\"Organization\",\"@id\":\"https:\/\/lesterrassesdelabergerie.fr\/#organization\",\"name\":\"Les Terrasses de la Bergerie - Officiel Propri\u00e9taires\",\"url\":\"https:\/\/lesterrassesdelabergerie.fr\/\",\"logo\":{\"@type\":\"ImageObject\",\"inLanguage\":\"en-GB\",\"@id\":\"https:\/\/lesterrassesdelabergerie.fr\/#\/schema\/logo\/image\/\",\"url\":\"https:\/\/lesterrassesdelabergerie.fr\/wp-content\/uploads\/2021\/11\/cropped-imageedit_1_3368924813-1.png\",\"contentUrl\":\"https:\/\/lesterrassesdelabergerie.fr\/wp-content\/uploads\/2021\/11\/cropped-imageedit_1_3368924813-1.png\",\"width\":512,\"height\":512,\"caption\":\"Les Terrasses de la Bergerie - Officiel Propri\u00e9taires\"},\"image\":{\"@id\":\"https:\/\/lesterrassesdelabergerie.fr\/#\/schema\/logo\/image\/\"}}]}<\/script>\n<!-- \/ Yoast SEO plugin. -->","yoast_head_json":{"title":"Les Terrasses de la Bergerie -Officiel Propri\u00e9taires - Appartement A207 - Contact","description":"Louez votre appartement dans la r\u00e9sidence la mieux situ\u00e9e a Orci\u00e8res - Rent your ski apartment in the best located residence at Orci\u00e8res.","robots":{"index":"index","follow":"follow","max-snippet":"max-snippet:-1","max-image-preview":"max-image-preview:large","max-video-preview":"max-video-preview:-1"},"canonical":"https:\/\/lesterrassesdelabergerie.fr\/en\/apartment-a207-contact\/","og_locale":"en_GB","og_type":"article","og_title":"Les Terrasses de la Bergerie -Officiel Propri\u00e9taires - Appartement A207 - Contact","og_description":"Louez votre appartement dans la r\u00e9sidence la mieux situ\u00e9e a Orci\u00e8res - Rent your ski apartment in the best located residence at Orci\u00e8res.","og_url":"https:\/\/lesterrassesdelabergerie.fr\/en\/apartment-a207-contact\/","og_site_name":"Les Terrasses de la Bergerie - Officiel Propri\u00e9taires","article_modified_time":"2026-02-06T13:49:05+00:00","twitter_card":"summary_large_image","twitter_misc":{"Estimated reading time":"1 minute"},"schema":{"@context":"https:\/\/schema.org","@graph":[{"@type":"WebPage","@id":"https:\/\/lesterrassesdelabergerie.fr\/appartement-a207-contact\/","url":"https:\/\/lesterrassesdelabergerie.fr\/appartement-a207-contact\/","name":"Les Terrasses de la Bergerie -Officiel Propri\u00e9taires - Appartement A207 - Contact","isPartOf":{"@id":"https:\/\/lesterrassesdelabergerie.fr\/#website"},"datePublished":"2021-11-01T07:59:59+00:00","dateModified":"2026-02-06T13:49:05+00:00","description":"Louez votre appartement dans la r\u00e9sidence la mieux situ\u00e9e a Orci\u00e8res - Rent your ski apartment in the best located residence at Orci\u00e8res.","breadcrumb":{"@id":"https:\/\/lesterrassesdelabergerie.fr\/appartement-a207-contact\/#breadcrumb"},"inLanguage":"en-GB","potentialAction":[{"@type":"ReadAction","target":["https:\/\/lesterrassesdelabergerie.fr\/appartement-a207-contact\/"]}]},{"@type":"BreadcrumbList","@id":"https:\/\/lesterrassesdelabergerie.fr\/appartement-a207-contact\/#breadcrumb","itemListElement":[{"@type":"ListItem","position":1,"name":"Home","item":"https:\/\/lesterrassesdelabergerie.fr\/"},{"@type":"ListItem","position":2,"name":"Appartement A207 &#8211; Contact"}]},{"@type":"WebSite","@id":"https:\/\/lesterrassesdelabergerie.fr\/#website","url":"https:\/\/lesterrassesdelabergerie.fr\/","name":"Les Terrasses de la Bergerie - Officiel Propri\u00e9taires","description":"Les Terrasses de la Bergerie","publisher":{"@id":"https:\/\/lesterrassesdelabergerie.fr\/#organization"},"potentialAction":[{"@type":"SearchAction","target":{"@type":"EntryPoint","urlTemplate":"https:\/\/lesterrassesdelabergerie.fr\/?s={search_term_string}"},"query-input":{"@type":"PropertyValueSpecification","valueRequired":true,"valueName":"search_term_string"}}],"inLanguage":"en-GB"},{"@type":"Organization","@id":"https:\/\/lesterrassesdelabergerie.fr\/#organization","name":"Les Terrasses de la Bergerie - Officiel Propri\u00e9taires","url":"https:\/\/lesterrassesdelabergerie.fr\/","logo":{"@type":"ImageObject","inLanguage":"en-GB","@id":"https:\/\/lesterrassesdelabergerie.fr\/#\/schema\/logo\/image\/","url":"https:\/\/lesterrassesdelabergerie.fr\/wp-content\/uploads\/2021\/11\/cropped-imageedit_1_3368924813-1.png","contentUrl":"https:\/\/lesterrassesdelabergerie.fr\/wp-content\/uploads\/2021\/11\/cropped-imageedit_1_3368924813-1.png","width":512,"height":512,"caption":"Les Terrasses de la Bergerie - Officiel Propri\u00e9taires"},"image":{"@id":"https:\/\/lesterrassesdelabergerie.fr\/#\/schema\/logo\/image\/"}}]}},"_links":{"self":[{"href":"https:\/\/lesterrassesdelabergerie.fr\/en\/wp-json\/wp\/v2\/pages\/1502","targetHints":{"allow":["GET"]}}],"collection":[{"href":"https:\/\/lesterrassesdelabergerie.fr\/en\/wp-json\/wp\/v2\/pages"}],"about":[{"href":"https:\/\/lesterrassesdelabergerie.fr\/en\/wp-json\/wp\/v2\/types\/page"}],"author":[{"embeddable":true,"href":"https:\/\/lesterrassesdelabergerie.fr\/en\/wp-json\/wp\/v2\/users\/1"}],"replies":[{"embeddable":true,"href":"https:\/\/lesterrassesdelabergerie.fr\/en\/wp-json\/wp\/v2\/comments?post=1502"}],"version-history":[{"count":32,"href":"https:\/\/lesterrassesdelabergerie.fr\/en\/wp-json\/wp\/v2\/pages\/1502\/revisions"}],"predecessor-version":[{"id":2488,"href":"https:\/\/lesterrassesdelabergerie.fr\/en\/wp-json\/wp\/v2\/pages\/1502\/revisions\/2488"}],"wp:attachment":[{"href":"https:\/\/lesterrassesdelabergerie.fr\/en\/wp-json\/wp\/v2\/media?parent=1502"}],"curies":[{"name":"wp","href":"https:\/\/api.w.org\/{rel}","templated":true}]}}