{"id":2376,"date":"2022-03-24T22:02:08","date_gmt":"2022-03-24T22:02:08","guid":{"rendered":"https:\/\/lesterrassesdelabergerie.fr\/?page_id=2376"},"modified":"2022-06-15T16:42:24","modified_gmt":"2022-06-15T15:42:24","slug":"mentions-legales","status":"publish","type":"page","link":"https:\/\/lesterrassesdelabergerie.fr\/en\/legal-notice\/","title":{"rendered":"Legal Notice"},"content":{"rendered":"<div data-elementor-type=\"wp-page\" data-elementor-id=\"2376\" class=\"elementor elementor-2376\">\n\t\t\t\t\t\t<section class=\"elementor-section elementor-top-section elementor-element elementor-element-6ab612e elementor-section-boxed elementor-section-height-default elementor-section-height-default\" data-id=\"6ab612e\" data-element_type=\"section\">\n\t\t\t\t\t\t<div class=\"elementor-container elementor-column-gap-default\">\n\t\t\t\t\t<div class=\"elementor-column elementor-col-100 elementor-top-column elementor-element elementor-element-50273ff\" data-id=\"50273ff\" data-element_type=\"column\">\n\t\t\t<div class=\"elementor-widget-wrap elementor-element-populated\">\n\t\t\t\t\t\t<div class=\"elementor-element elementor-element-a599349 elementor-widget elementor-widget-text-editor\" data-id=\"a599349\" data-element_type=\"widget\" data-widget_type=\"text-editor.default\">\n\t\t\t\t<div class=\"elementor-widget-container\">\n\t\t\t\t\t\t\t\t\t<div><header><h2>ARTICLE 1. IDENTIFICATION<\/h2><\/header><p><span><strong>Publisher:<\/strong><\/span>\u00a0Les Terrasses de la Bergerie &#8211; Merlette &#8211; 05170 Orci\u00e8res &#8211; France<\/p><p><span><strong>Director of publication and data controller:<\/strong><\/span><span>\u00a0<\/span>Mr Simvar LACH<\/p><p><span><strong>Host and graphics:<\/strong><\/span><span>\u00a0<\/span>R\u00e9sidence Les Terrasses de la Bergerie &#8211; Merlette &#8211; 05170 Orci\u00e8res &#8211; France<\/p><\/div><div><header><h2>ARTICLE 2.<\/h2><h2>DONN\u00c9ES PERSONNELLES<\/h2><\/header><p>Concerned about respecting your privacy, lesterrassesdelabergerie.fr undertakes to ensure that the collection and processing of this information is carried out in accordance with the law n \u00b0 78-17 of January 6, 1978 relating to data processing, files and freedoms, as modified.<\/p><p><strong>Protection of personal data:<\/strong><\/p><p>The databases created from this site are administered by website administrator which, as publisher of the lesterrassesdelabergerie.fr website, remains the sole owner of the data collected. They can not under any circumstances be sold or transferred to a third party. The purpose of processing the personal data collected may be: customer information or sending documentation on his request, sending information letter (s) if expressly chosen when entering the form or from the lesterrassesdelabergerie.fr website, as well as participation in time-limited competitions. The personal data collected will be deleted in the absence of a response or activity beyond 36 months.<\/p><p>You can exercise your right of access to data concerning you and have them rectified or deleted by contacting the lesterrassesdelabergerie.fr website administrator by email via the contact form.<\/p><p><strong>Access statistics:<\/strong><\/p><p>This site uses a web analysis service provided by WPStatistics which doesn\u2019t collect any personal data nor store any cookies.<\/p><\/div><div><header><h2>ARTICLE 3. COOKIES<\/h2><\/header><p>In order to best meet your needs, lesterrassesdelabergerie.fr website may use \u201ccookie\u201d technology.<\/p><p>The cookie is a small computer file sent by the publisher of a site to its internet user, which contains various information relating to the internet user\u2019s visit to the site (pages viewed, date and time of consultation). It cannot damage the data on the user\u2019s device. You can configure your browser to prevent these cookies from being saved on your computer by disabling this function in your browser software.<\/p><\/div><div><header><h2>ARTICLE 4.<\/h2><h2>INTELLECTUAL PROPERTY<\/h2><\/header><p>All the content displayed on this site (image, video, sound, text, etc.) is protected by the legislation in force in France in terms of intellectual property and in particular, copyright, neighboring rights, trademark law.<\/p><p><strong><span>All reproduction rights are reserved<\/span><\/strong>, including for downloadable documents and iconographic and photographic representations.<\/p><p>In the absence of express authorization from the lesterrassesdelabergerie.fr website administrator, it is strictly forbidden to use this content and in particular to reproduce, represent, modify or adapt it in whole or in part.<span>, il est strictement interdit d\u2019exploiter ces contenus et notamment de les reproduire, repr\u00e9senter, modifier ou adapter en tout ou partie.<\/span><\/p><\/div><div><header><h2>ARTICLE 5.<\/h2><h2>CREDITS<\/h2><\/header><p><span><strong><\/strong><\/span><span><strong>Texts \/Pictures \/ Icons:\u00a0<\/strong><\/span>lesterrassesdelabergerie.fr website administrator<\/p><\/div><div><header><h2>ARTICLE 6.<\/h2><h2>MISCELLANEOUS<\/h2><\/header><p>The lesterrassesdelabergerie.fr website administrator<span>\u00a0remains at your disposal to provide you with any additional information you may wish concerning our policy on the protection of personal data.<\/span><\/p><p class=\"translation-block\">Just send us an email via the contact form.\nWe will do our best to get back to you as soon as possible.<\/p><\/div>\t\t\t\t\t\t\t\t<\/div>\n\t\t\t\t<\/div>\n\t\t\t\t\t<\/div>\n\t\t<\/div>\n\t\t\t\t\t<\/div>\n\t\t<\/section>\n\t\t\t\t<\/div>","protected":false},"excerpt":{"rendered":"<p>ARTICLE 1. IDENTIFICATION Editeur :\u00a0Les Terrasses de la Bergerie &#8211; Merlette &#8211; 05170 Orci\u00e8res &#8211; France Directeur de la publication et responsable des traitements :\u00a0Mr Simvar LACH H\u00e9bergeur et graphisme :\u00a0R\u00e9sidence Les Terrasses de la Bergerie &#8211; Merlette &#8211; 05170 Orci\u00e8res &#8211; France ARTICLE 2. DONN\u00c9ES PERSONNELLES Soucieux du respect [&hellip;]<\/p>","protected":false},"author":1,"featured_media":0,"parent":0,"menu_order":0,"comment_status":"closed","ping_status":"closed","template":"","meta":{"_glsr_average":0,"_glsr_ranking":0,"_glsr_reviews":0,"footnotes":""},"class_list":["post-2376","page","type-page","status-publish","hentry"],"yoast_head":"<!-- This site is optimized with the Yoast SEO plugin v26.4 - https:\/\/yoast.com\/wordpress\/plugins\/seo\/ -->\n<title>Les Terrasses de la Bergerie -Officiel Propri\u00e9taires - Mentions L\u00e9gales<\/title>\n<meta name=\"description\" content=\"Louez votre appartement dans la r\u00e9sidence la mieux situ\u00e9e a Orci\u00e8res - Rent your ski apartment in the best located residence at Orci\u00e8res.\" \/>\n<meta name=\"robots\" content=\"index, follow, max-snippet:-1, max-image-preview:large, max-video-preview:-1\" \/>\n<link rel=\"canonical\" href=\"https:\/\/lesterrassesdelabergerie.fr\/en\/legal-notice\/\" \/>\n<meta property=\"og:locale\" content=\"en_GB\" \/>\n<meta property=\"og:type\" content=\"article\" \/>\n<meta property=\"og:title\" content=\"Les Terrasses de la Bergerie -Officiel Propri\u00e9taires - Mentions L\u00e9gales\" \/>\n<meta property=\"og:description\" content=\"Louez votre appartement dans la r\u00e9sidence la mieux situ\u00e9e a Orci\u00e8res - Rent your ski apartment in the best located residence at Orci\u00e8res.\" \/>\n<meta property=\"og:url\" content=\"https:\/\/lesterrassesdelabergerie.fr\/en\/legal-notice\/\" \/>\n<meta property=\"og:site_name\" content=\"Les Terrasses de la Bergerie - Officiel Propri\u00e9taires\" \/>\n<meta property=\"article:modified_time\" content=\"2022-06-15T15:42:24+00:00\" \/>\n<meta name=\"twitter:card\" content=\"summary_large_image\" \/>\n<meta name=\"twitter:label1\" content=\"Estimated reading time\" \/>\n\t<meta name=\"twitter:data1\" content=\"3 minutes\" \/>\n<script type=\"application\/ld+json\" class=\"yoast-schema-graph\">{\"@context\":\"https:\/\/schema.org\",\"@graph\":[{\"@type\":\"WebPage\",\"@id\":\"https:\/\/lesterrassesdelabergerie.fr\/mentions-legales\/\",\"url\":\"https:\/\/lesterrassesdelabergerie.fr\/mentions-legales\/\",\"name\":\"Les Terrasses de la Bergerie -Officiel Propri\u00e9taires - Mentions L\u00e9gales\",\"isPartOf\":{\"@id\":\"https:\/\/lesterrassesdelabergerie.fr\/#website\"},\"datePublished\":\"2022-03-24T22:02:08+00:00\",\"dateModified\":\"2022-06-15T15:42:24+00:00\",\"description\":\"Louez votre appartement dans la r\u00e9sidence la mieux situ\u00e9e a Orci\u00e8res - Rent your ski apartment in the best located residence at Orci\u00e8res.\",\"breadcrumb\":{\"@id\":\"https:\/\/lesterrassesdelabergerie.fr\/mentions-legales\/#breadcrumb\"},\"inLanguage\":\"en-GB\",\"potentialAction\":[{\"@type\":\"ReadAction\",\"target\":[\"https:\/\/lesterrassesdelabergerie.fr\/mentions-legales\/\"]}]},{\"@type\":\"BreadcrumbList\",\"@id\":\"https:\/\/lesterrassesdelabergerie.fr\/mentions-legales\/#breadcrumb\",\"itemListElement\":[{\"@type\":\"ListItem\",\"position\":1,\"name\":\"Home\",\"item\":\"https:\/\/lesterrassesdelabergerie.fr\/\"},{\"@type\":\"ListItem\",\"position\":2,\"name\":\"Mentions L\u00e9gales\"}]},{\"@type\":\"WebSite\",\"@id\":\"https:\/\/lesterrassesdelabergerie.fr\/#website\",\"url\":\"https:\/\/lesterrassesdelabergerie.fr\/\",\"name\":\"Les Terrasses de la Bergerie - Officiel Propri\u00e9taires\",\"description\":\"Les Terrasses de la Bergerie\",\"publisher\":{\"@id\":\"https:\/\/lesterrassesdelabergerie.fr\/#organization\"},\"potentialAction\":[{\"@type\":\"SearchAction\",\"target\":{\"@type\":\"EntryPoint\",\"urlTemplate\":\"https:\/\/lesterrassesdelabergerie.fr\/?s={search_term_string}\"},\"query-input\":{\"@type\":\"PropertyValueSpecification\",\"valueRequired\":true,\"valueName\":\"search_term_string\"}}],\"inLanguage\":\"en-GB\"},{\"@type\":\"Organization\",\"@id\":\"https:\/\/lesterrassesdelabergerie.fr\/#organization\",\"name\":\"Les Terrasses de la Bergerie - Officiel Propri\u00e9taires\",\"url\":\"https:\/\/lesterrassesdelabergerie.fr\/\",\"logo\":{\"@type\":\"ImageObject\",\"inLanguage\":\"en-GB\",\"@id\":\"https:\/\/lesterrassesdelabergerie.fr\/#\/schema\/logo\/image\/\",\"url\":\"https:\/\/lesterrassesdelabergerie.fr\/wp-content\/uploads\/2021\/11\/cropped-imageedit_1_3368924813-1.png\",\"contentUrl\":\"https:\/\/lesterrassesdelabergerie.fr\/wp-content\/uploads\/2021\/11\/cropped-imageedit_1_3368924813-1.png\",\"width\":512,\"height\":512,\"caption\":\"Les Terrasses de la Bergerie - Officiel Propri\u00e9taires\"},\"image\":{\"@id\":\"https:\/\/lesterrassesdelabergerie.fr\/#\/schema\/logo\/image\/\"}}]}<\/script>\n<!-- \/ Yoast SEO plugin. -->","yoast_head_json":{"title":"Les Terrasses de la Bergerie -Officiel Propri\u00e9taires - Mentions L\u00e9gales","description":"Louez votre appartement dans la r\u00e9sidence la mieux situ\u00e9e a Orci\u00e8res - Rent your ski apartment in the best located residence at Orci\u00e8res.","robots":{"index":"index","follow":"follow","max-snippet":"max-snippet:-1","max-image-preview":"max-image-preview:large","max-video-preview":"max-video-preview:-1"},"canonical":"https:\/\/lesterrassesdelabergerie.fr\/en\/legal-notice\/","og_locale":"en_GB","og_type":"article","og_title":"Les Terrasses de la Bergerie -Officiel Propri\u00e9taires - Mentions L\u00e9gales","og_description":"Louez votre appartement dans la r\u00e9sidence la mieux situ\u00e9e a Orci\u00e8res - Rent your ski apartment in the best located residence at Orci\u00e8res.","og_url":"https:\/\/lesterrassesdelabergerie.fr\/en\/legal-notice\/","og_site_name":"Les Terrasses de la Bergerie - Officiel Propri\u00e9taires","article_modified_time":"2022-06-15T15:42:24+00:00","twitter_card":"summary_large_image","twitter_misc":{"Estimated reading time":"3 minutes"},"schema":{"@context":"https:\/\/schema.org","@graph":[{"@type":"WebPage","@id":"https:\/\/lesterrassesdelabergerie.fr\/mentions-legales\/","url":"https:\/\/lesterrassesdelabergerie.fr\/mentions-legales\/","name":"Les Terrasses de la Bergerie -Officiel Propri\u00e9taires - Mentions L\u00e9gales","isPartOf":{"@id":"https:\/\/lesterrassesdelabergerie.fr\/#website"},"datePublished":"2022-03-24T22:02:08+00:00","dateModified":"2022-06-15T15:42:24+00:00","description":"Louez votre appartement dans la r\u00e9sidence la mieux situ\u00e9e a Orci\u00e8res - Rent your ski apartment in the best located residence at Orci\u00e8res.","breadcrumb":{"@id":"https:\/\/lesterrassesdelabergerie.fr\/mentions-legales\/#breadcrumb"},"inLanguage":"en-GB","potentialAction":[{"@type":"ReadAction","target":["https:\/\/lesterrassesdelabergerie.fr\/mentions-legales\/"]}]},{"@type":"BreadcrumbList","@id":"https:\/\/lesterrassesdelabergerie.fr\/mentions-legales\/#breadcrumb","itemListElement":[{"@type":"ListItem","position":1,"name":"Home","item":"https:\/\/lesterrassesdelabergerie.fr\/"},{"@type":"ListItem","position":2,"name":"Mentions L\u00e9gales"}]},{"@type":"WebSite","@id":"https:\/\/lesterrassesdelabergerie.fr\/#website","url":"https:\/\/lesterrassesdelabergerie.fr\/","name":"Les Terrasses de la Bergerie - Officiel Propri\u00e9taires","description":"Les Terrasses de la Bergerie","publisher":{"@id":"https:\/\/lesterrassesdelabergerie.fr\/#organization"},"potentialAction":[{"@type":"SearchAction","target":{"@type":"EntryPoint","urlTemplate":"https:\/\/lesterrassesdelabergerie.fr\/?s={search_term_string}"},"query-input":{"@type":"PropertyValueSpecification","valueRequired":true,"valueName":"search_term_string"}}],"inLanguage":"en-GB"},{"@type":"Organization","@id":"https:\/\/lesterrassesdelabergerie.fr\/#organization","name":"Les Terrasses de la Bergerie - Officiel Propri\u00e9taires","url":"https:\/\/lesterrassesdelabergerie.fr\/","logo":{"@type":"ImageObject","inLanguage":"en-GB","@id":"https:\/\/lesterrassesdelabergerie.fr\/#\/schema\/logo\/image\/","url":"https:\/\/lesterrassesdelabergerie.fr\/wp-content\/uploads\/2021\/11\/cropped-imageedit_1_3368924813-1.png","contentUrl":"https:\/\/lesterrassesdelabergerie.fr\/wp-content\/uploads\/2021\/11\/cropped-imageedit_1_3368924813-1.png","width":512,"height":512,"caption":"Les Terrasses de la Bergerie - Officiel Propri\u00e9taires"},"image":{"@id":"https:\/\/lesterrassesdelabergerie.fr\/#\/schema\/logo\/image\/"}}]}},"_links":{"self":[{"href":"https:\/\/lesterrassesdelabergerie.fr\/en\/wp-json\/wp\/v2\/pages\/2376","targetHints":{"allow":["GET"]}}],"collection":[{"href":"https:\/\/lesterrassesdelabergerie.fr\/en\/wp-json\/wp\/v2\/pages"}],"about":[{"href":"https:\/\/lesterrassesdelabergerie.fr\/en\/wp-json\/wp\/v2\/types\/page"}],"author":[{"embeddable":true,"href":"https:\/\/lesterrassesdelabergerie.fr\/en\/wp-json\/wp\/v2\/users\/1"}],"replies":[{"embeddable":true,"href":"https:\/\/lesterrassesdelabergerie.fr\/en\/wp-json\/wp\/v2\/comments?post=2376"}],"version-history":[{"count":14,"href":"https:\/\/lesterrassesdelabergerie.fr\/en\/wp-json\/wp\/v2\/pages\/2376\/revisions"}],"predecessor-version":[{"id":2561,"href":"https:\/\/lesterrassesdelabergerie.fr\/en\/wp-json\/wp\/v2\/pages\/2376\/revisions\/2561"}],"wp:attachment":[{"href":"https:\/\/lesterrassesdelabergerie.fr\/en\/wp-json\/wp\/v2\/media?parent=2376"}],"curies":[{"name":"wp","href":"https:\/\/api.w.org\/{rel}","templated":true}]}}