{"id":466,"date":"2021-02-23T22:40:21","date_gmt":"2021-02-23T22:40:21","guid":{"rendered":"https:\/\/les-terrasses-de-la-bergerie.ddnsfree.com\/?page_id=466"},"modified":"2026-02-26T13:53:40","modified_gmt":"2026-02-26T13:53:40","slug":"informations-generales","status":"publish","type":"page","link":"https:\/\/lesterrassesdelabergerie.fr\/en\/general-information\/","title":{"rendered":"General Information"},"content":{"rendered":"<div data-elementor-type=\"wp-page\" data-elementor-id=\"466\" class=\"elementor elementor-466\">\n\t\t\t\t\t\t<section class=\"elementor-section elementor-top-section elementor-element elementor-element-d12966c elementor-section-stretched elementor-section-boxed elementor-section-height-default elementor-section-height-default\" data-id=\"d12966c\" data-element_type=\"section\" data-settings=\"{&quot;stretch_section&quot;:&quot;section-stretched&quot;}\">\n\t\t\t\t\t\t<div class=\"elementor-container elementor-column-gap-default\">\n\t\t\t\t\t<div class=\"elementor-column elementor-col-100 elementor-top-column elementor-element elementor-element-0854316\" data-id=\"0854316\" data-element_type=\"column\">\n\t\t\t<div class=\"elementor-widget-wrap elementor-element-populated\">\n\t\t\t\t\t\t<div class=\"elementor-element elementor-element-ee7b626 elementor-widget elementor-widget-text-editor\" data-id=\"ee7b626\" data-element_type=\"widget\" data-widget_type=\"text-editor.default\">\n\t\t\t\t<div class=\"elementor-widget-container\">\n\t\t\t\t\t\t\t\t\t<div class=\"ce-bodytext\"><p><strong>Se rendre \u00e0 la station d&rsquo;Orci\u00e8res<\/strong><\/p><p class=\"translation-block\">Orci\u00e8res Merlette 1850 is located on the edge of the Ecrins National Park and is 45 minutes from Gap which is just at the end of the A51 motorway (La Saulce exit) and accessible by train from <span style=\"color: #00ccff\"><a href=\"https:\/\/www.ter.sncf.com\/paca\" style=\"color: #00ccff\" target=\"_self\">Marseille, Grenoble or Valence<\/a><\/span>. Departmental lines ensure the transfer between the train station of Gap and the station.<\/p><p>Il est facile d&rsquo;y acc\u00e9der depuis le sud de la France (Marseille 220 km), le centre (Lyon 220 km), la r\u00e9gion parisienne (Paris 680 km) ou depuis l&rsquo;Europe (Turin 220 km, Barcelone 660 km, Bruxelles 950 km, Anvers 990 km).<\/p><p class=\"translation-block\">Consult the <a href=\"https:\/\/www.orcieres.com\/en\/practical\/transport\/\" target=\"_self\"><span style=\"color: #00ccff\">Transport section<\/span><\/a> (on official Orci\u00e8res Merlette website) to find out all the coaches and shuttles available to you, whether on the town or for your transfers from a TGV station (Aix, Grenoble) or the nearest airports (Marseille Provence, Grenoble Is\u00e8re).<\/p><\/div>\t\t\t\t\t\t\t\t<\/div>\n\t\t\t\t<\/div>\n\t\t\t\t\t<\/div>\n\t\t<\/div>\n\t\t\t\t\t<\/div>\n\t\t<\/section>\n\t\t\t\t<section class=\"elementor-section elementor-top-section elementor-element elementor-element-daad5af elementor-section-stretched elementor-section-boxed elementor-section-height-default elementor-section-height-default\" data-id=\"daad5af\" data-element_type=\"section\" data-settings=\"{&quot;stretch_section&quot;:&quot;section-stretched&quot;}\">\n\t\t\t\t\t\t<div class=\"elementor-container elementor-column-gap-default\">\n\t\t\t\t\t<div class=\"elementor-column elementor-col-100 elementor-top-column elementor-element elementor-element-5f53894\" data-id=\"5f53894\" data-element_type=\"column\">\n\t\t\t<div class=\"elementor-widget-wrap elementor-element-populated\">\n\t\t\t\t\t\t<section class=\"elementor-section elementor-inner-section elementor-element elementor-element-f4f0c0e elementor-section-boxed elementor-section-height-default elementor-section-height-default\" data-id=\"f4f0c0e\" data-element_type=\"section\">\n\t\t\t\t\t\t<div class=\"elementor-container elementor-column-gap-default\">\n\t\t\t\t\t<div class=\"elementor-column elementor-col-50 elementor-inner-column elementor-element elementor-element-b3f3bc6\" data-id=\"b3f3bc6\" data-element_type=\"column\">\n\t\t\t<div class=\"elementor-widget-wrap elementor-element-populated\">\n\t\t\t\t\t\t<div class=\"elementor-element elementor-element-14f76d5 elementor-widget elementor-widget-text-editor\" data-id=\"14f76d5\" data-element_type=\"widget\" data-widget_type=\"text-editor.default\">\n\t\t\t\t<div class=\"elementor-widget-container\">\n\t\t\t\t\t\t\t\t\t<div class=\"elementor-element elementor-element-14f76d5 elementor-widget elementor-widget-text-editor\" data-id=\"14f76d5\" data-element_type=\"widget\" data-widget_type=\"text-editor.default\"><div class=\"elementor-widget-container\"><p><strong>Dates d&rsquo;ouverture de la station :<\/strong><\/p><ul><li>\u00c9t\u00e9 : du 29\/06\/24 au 01\/09\/24<\/li><li>Hiver : du 14\/12\/24 au 13\/04\/25<\/li><\/ul><\/div><\/div>\t\t\t\t\t\t\t\t<\/div>\n\t\t\t\t<\/div>\n\t\t\t\t<div class=\"elementor-element elementor-element-0e9ebeb elementor-widget elementor-widget-text-editor\" data-id=\"0e9ebeb\" data-element_type=\"widget\" data-widget_type=\"text-editor.default\">\n\t\t\t\t<div class=\"elementor-widget-container\">\n\t\t\t\t\t\t\t\t\t<div class=\"elementor-element elementor-element-0e9ebeb elementor-widget elementor-widget-text-editor\" data-id=\"0e9ebeb\" data-element_type=\"widget\" data-widget_type=\"text-editor.default\">\n<div class=\"elementor-widget-container\">\n<p><strong>Nos partenaires<\/strong><\/p>\n<ul>\n<li>R\u00e9duction sp\u00e9ciale pour les cours collectifs de l&rsquo;ESF (contactez votre propri\u00e9taire bailleur pour le formulaire)<\/li>\n<li><a href=\"https:\/\/www.skiset.co.uk\/partner\/PRO71fa47293040\">Special Discount for equipment rental at SkiSet<\/a><\/li>\n<\/ul>\n<\/div>\n<\/div>\t\t\t\t\t\t\t\t<\/div>\n\t\t\t\t<\/div>\n\t\t\t\t<div class=\"elementor-element elementor-element-088d289 elementor-widget elementor-widget-text-editor\" data-id=\"088d289\" data-element_type=\"widget\" data-widget_type=\"text-editor.default\">\n\t\t\t\t<div class=\"elementor-widget-container\">\n\t\t\t\t\t\t\t\t\t<div class=\"elementor-element elementor-element-088d289 elementor-widget elementor-widget-text-editor\" data-id=\"088d289\" data-element_type=\"widget\" data-widget_type=\"text-editor.default\"><div class=\"elementor-widget-container\"><p><strong>Nearby services<\/strong><\/p><ul><li>Bakery at 200m<\/li><li>Variety of restaurants within a 500m radius<\/li><li>Groceries stores at 200m<\/li><\/ul><\/div><\/div>\t\t\t\t\t\t\t\t<\/div>\n\t\t\t\t<\/div>\n\t\t\t\t<div class=\"elementor-element elementor-element-93ef85a elementor-widget elementor-widget-text-editor\" data-id=\"93ef85a\" data-element_type=\"widget\" data-widget_type=\"text-editor.default\">\n\t\t\t\t<div class=\"elementor-widget-container\">\n\t\t\t\t\t\t\t\t\t<div class=\"elementor-element elementor-element-93ef85a elementor-widget elementor-widget-text-editor\" data-id=\"93ef85a\" data-element_type=\"widget\" data-widget_type=\"text-editor.default\"><div class=\"elementor-widget-container\"><p><strong>Useful contacts<\/strong><\/p><ul><li>Doctors\u2019 office and Pharmacy at 450m<\/li><li>Baby-sitting service<\/li><\/ul><\/div><\/div>\t\t\t\t\t\t\t\t<\/div>\n\t\t\t\t<\/div>\n\t\t\t\t<div class=\"elementor-element elementor-element-3ebe102 elementor-widget elementor-widget-text-editor\" data-id=\"3ebe102\" data-element_type=\"widget\" data-widget_type=\"text-editor.default\">\n\t\t\t\t<div class=\"elementor-widget-container\">\n\t\t\t\t\t\t\t\t\t<div class=\"elementor-element elementor-element-3ebe102 elementor-widget elementor-widget-text-editor\" data-id=\"3ebe102\" data-element_type=\"widget\" data-widget_type=\"text-editor.default\"><div class=\"elementor-widget-container\"><p><strong>Plus d&rsquo;informations<br \/><\/strong><\/p><ul><li class=\"translation-block\">Additional information can be found on <a href=\"https:\/\/www.orcieres.com\/en\/tourist-office\/\" target=\"_self\">Tourists Office website<\/a><\/li><\/ul><\/div><\/div>\t\t\t\t\t\t\t\t<\/div>\n\t\t\t\t<\/div>\n\t\t\t\t\t<\/div>\n\t\t<\/div>\n\t\t\t\t<div class=\"elementor-column elementor-col-50 elementor-inner-column elementor-element elementor-element-8cff364\" data-id=\"8cff364\" data-element_type=\"column\">\n\t\t\t<div class=\"elementor-widget-wrap elementor-element-populated\">\n\t\t\t\t\t\t<div class=\"elementor-element elementor-element-419bfdf elementor-widget elementor-widget-image\" data-id=\"419bfdf\" data-element_type=\"widget\" data-widget_type=\"image.default\">\n\t\t\t\t<div class=\"elementor-widget-container\">\n\t\t\t\t\t\t\t\t\t\t\t\t\t\t\t<img fetchpriority=\"high\" decoding=\"async\" width=\"336\" height=\"280\" src=\"https:\/\/lesterrassesdelabergerie.fr\/wp-content\/uploads\/2022\/01\/skiset_336x280_fr-2.jpg\" class=\"attachment-full size-full wp-image-1993\" alt=\"\" srcset=\"https:\/\/lesterrassesdelabergerie.fr\/wp-content\/uploads\/2022\/01\/skiset_336x280_fr-2.jpg 336w, https:\/\/lesterrassesdelabergerie.fr\/wp-content\/uploads\/2022\/01\/skiset_336x280_fr-2-300x250.jpg 300w\" sizes=\"(max-width: 336px) 100vw, 336px\" \/>\t\t\t\t\t\t\t\t\t\t\t\t\t\t\t<\/div>\n\t\t\t\t<\/div>\n\t\t\t\t<div class=\"elementor-element elementor-element-ad6feb9 elementor-widget elementor-widget-text-editor\" data-id=\"ad6feb9\" data-element_type=\"widget\" data-widget_type=\"text-editor.default\">\n\t\t\t\t<div class=\"elementor-widget-container\">\n\t\t\t\t\t\t\t\t\t<p style=\"text-align: center;\">Contactez votre propri\u00e9taire bailleur<\/p>\t\t\t\t\t\t\t\t<\/div>\n\t\t\t\t<\/div>\n\t\t\t\t\t<\/div>\n\t\t<\/div>\n\t\t\t\t\t<\/div>\n\t\t<\/section>\n\t\t\t\t\t<\/div>\n\t\t<\/div>\n\t\t\t\t\t<\/div>\n\t\t<\/section>\n\t\t\t\t<section class=\"elementor-section elementor-top-section elementor-element elementor-element-57b9c75 elementor-section-stretched elementor-section-boxed elementor-section-height-default elementor-section-height-default\" data-id=\"57b9c75\" data-element_type=\"section\" data-settings=\"{&quot;stretch_section&quot;:&quot;section-stretched&quot;}\">\n\t\t\t\t\t\t<div class=\"elementor-container elementor-column-gap-default\">\n\t\t\t\t\t<div class=\"elementor-column elementor-col-100 elementor-top-column elementor-element elementor-element-5b83f5a\" data-id=\"5b83f5a\" data-element_type=\"column\">\n\t\t\t<div class=\"elementor-widget-wrap elementor-element-populated\">\n\t\t\t\t\t\t<div class=\"elementor-element elementor-element-f1c4f49 elementor-button-info elementor-align-center elementor-widget elementor-widget-button\" data-id=\"f1c4f49\" data-element_type=\"widget\" data-widget_type=\"button.default\">\n\t\t\t\t<div class=\"elementor-widget-container\">\n\t\t\t\t\t\t\t\t\t<div class=\"elementor-button-wrapper\">\n\t\t\t\t\t<a class=\"elementor-button elementor-button-link elementor-size-lg\" href=\"https:\/\/lesterrassesdelabergerie.fr\/en\/contact\/\" target=\"_blank\">\n\t\t\t\t\t\t<span class=\"elementor-button-content-wrapper\">\n\t\t\t\t\t\t\t\t\t<span class=\"elementor-button-text\">Contact us<\/span>\n\t\t\t\t\t<\/span>\n\t\t\t\t\t<\/a>\n\t\t\t\t<\/div>\n\t\t\t\t\t\t\t\t<\/div>\n\t\t\t\t<\/div>\n\t\t\t\t\t<\/div>\n\t\t<\/div>\n\t\t\t\t\t<\/div>\n\t\t<\/section>\n\t\t\t\t<section class=\"elementor-section elementor-top-section elementor-element elementor-element-b16ea26 elementor-section-stretched elementor-section-boxed elementor-section-height-default elementor-section-height-default\" data-id=\"b16ea26\" data-element_type=\"section\" data-settings=\"{&quot;stretch_section&quot;:&quot;section-stretched&quot;}\">\n\t\t\t\t\t\t<div class=\"elementor-container elementor-column-gap-default\">\n\t\t\t\t\t<div class=\"elementor-column elementor-col-100 elementor-top-column elementor-element elementor-element-98252a6\" data-id=\"98252a6\" data-element_type=\"column\">\n\t\t\t<div class=\"elementor-widget-wrap\">\n\t\t\t\t\t\t\t<\/div>\n\t\t<\/div>\n\t\t\t\t\t<\/div>\n\t\t<\/section>\n\t\t\t\t<\/div>","protected":false},"excerpt":{"rendered":"<p>Se rendre \u00e0 la station d&rsquo;Orci\u00e8res Orci\u00e8res Merlette 1850 est situ\u00e9 en bordure du Parc National des Ecrins et se trouve \u00e0 45 minutes de Gap qui est juste au bout de l&rsquo;autoroute A51 (sortie La Saulce) et accessible par train depuis Marseille, Grenoble ou Valence. Des lignes d\u00e9partementales assurent [&hellip;]<\/p>","protected":false},"author":1,"featured_media":0,"parent":0,"menu_order":5,"comment_status":"closed","ping_status":"closed","template":"","meta":{"_glsr_average":0,"_glsr_ranking":0,"_glsr_reviews":0,"footnotes":""},"class_list":["post-466","page","type-page","status-publish","hentry"],"yoast_head":"<!-- This site is optimized with the Yoast SEO plugin v26.4 - https:\/\/yoast.com\/wordpress\/plugins\/seo\/ -->\n<title>Les Terrasses de la Bergerie - Informations G\u00e9n\u00e9rales<\/title>\n<meta name=\"description\" content=\"Louez votre appartement dans la r\u00e9sidence la mieux situ\u00e9e a Orci\u00e8res - Rent your ski apartment in the best located residence at Orci\u00e8res.\" \/>\n<meta name=\"robots\" content=\"index, follow, max-snippet:-1, max-image-preview:large, max-video-preview:-1\" \/>\n<link rel=\"canonical\" href=\"https:\/\/lesterrassesdelabergerie.fr\/en\/general-information\/\" \/>\n<meta property=\"og:locale\" content=\"en_GB\" \/>\n<meta property=\"og:type\" content=\"article\" \/>\n<meta property=\"og:title\" content=\"Les Terrasses de la Bergerie - Informations G\u00e9n\u00e9rales\" \/>\n<meta property=\"og:description\" content=\"Louez votre appartement dans la r\u00e9sidence la mieux situ\u00e9e a Orci\u00e8res - Rent your ski apartment in the best located residence at Orci\u00e8res.\" \/>\n<meta property=\"og:url\" content=\"https:\/\/lesterrassesdelabergerie.fr\/en\/general-information\/\" \/>\n<meta property=\"og:site_name\" content=\"Les Terrasses de la Bergerie - Officiel Propri\u00e9taires\" \/>\n<meta property=\"article:modified_time\" content=\"2026-02-26T13:53:40+00:00\" \/>\n<meta property=\"og:image\" content=\"https:\/\/lesterrassesdelabergerie.fr\/wp-content\/uploads\/2022\/01\/skiset_336x280_fr-2.jpg\" \/>\n<meta name=\"twitter:card\" content=\"summary_large_image\" \/>\n<meta name=\"twitter:label1\" content=\"Estimated reading time\" \/>\n\t<meta name=\"twitter:data1\" content=\"2 minutes\" \/>\n<script type=\"application\/ld+json\" class=\"yoast-schema-graph\">{\"@context\":\"https:\/\/schema.org\",\"@graph\":[{\"@type\":\"WebPage\",\"@id\":\"https:\/\/lesterrassesdelabergerie.fr\/informations-generales\/\",\"url\":\"https:\/\/lesterrassesdelabergerie.fr\/informations-generales\/\",\"name\":\"Les Terrasses de la Bergerie - Informations G\u00e9n\u00e9rales\",\"isPartOf\":{\"@id\":\"https:\/\/lesterrassesdelabergerie.fr\/#website\"},\"primaryImageOfPage\":{\"@id\":\"https:\/\/lesterrassesdelabergerie.fr\/informations-generales\/#primaryimage\"},\"image\":{\"@id\":\"https:\/\/lesterrassesdelabergerie.fr\/informations-generales\/#primaryimage\"},\"thumbnailUrl\":\"https:\/\/lesterrassesdelabergerie.fr\/wp-content\/uploads\/2022\/01\/skiset_336x280_fr-2.jpg\",\"datePublished\":\"2021-02-23T22:40:21+00:00\",\"dateModified\":\"2026-02-26T13:53:40+00:00\",\"description\":\"Louez votre appartement dans la r\u00e9sidence la mieux situ\u00e9e a Orci\u00e8res - Rent your ski apartment in the best located residence at Orci\u00e8res.\",\"breadcrumb\":{\"@id\":\"https:\/\/lesterrassesdelabergerie.fr\/informations-generales\/#breadcrumb\"},\"inLanguage\":\"en-GB\",\"potentialAction\":[{\"@type\":\"ReadAction\",\"target\":[\"https:\/\/lesterrassesdelabergerie.fr\/informations-generales\/\"]}]},{\"@type\":\"ImageObject\",\"inLanguage\":\"en-GB\",\"@id\":\"https:\/\/lesterrassesdelabergerie.fr\/informations-generales\/#primaryimage\",\"url\":\"https:\/\/lesterrassesdelabergerie.fr\/wp-content\/uploads\/2022\/01\/skiset_336x280_fr-2.jpg\",\"contentUrl\":\"https:\/\/lesterrassesdelabergerie.fr\/wp-content\/uploads\/2022\/01\/skiset_336x280_fr-2.jpg\"},{\"@type\":\"BreadcrumbList\",\"@id\":\"https:\/\/lesterrassesdelabergerie.fr\/informations-generales\/#breadcrumb\",\"itemListElement\":[{\"@type\":\"ListItem\",\"position\":1,\"name\":\"Home\",\"item\":\"https:\/\/lesterrassesdelabergerie.fr\/\"},{\"@type\":\"ListItem\",\"position\":2,\"name\":\"Informations G\u00e9n\u00e9rales\"}]},{\"@type\":\"WebSite\",\"@id\":\"https:\/\/lesterrassesdelabergerie.fr\/#website\",\"url\":\"https:\/\/lesterrassesdelabergerie.fr\/\",\"name\":\"Les Terrasses de la Bergerie - Officiel Propri\u00e9taires\",\"description\":\"Les Terrasses de la Bergerie\",\"publisher\":{\"@id\":\"https:\/\/lesterrassesdelabergerie.fr\/#organization\"},\"potentialAction\":[{\"@type\":\"SearchAction\",\"target\":{\"@type\":\"EntryPoint\",\"urlTemplate\":\"https:\/\/lesterrassesdelabergerie.fr\/?s={search_term_string}\"},\"query-input\":{\"@type\":\"PropertyValueSpecification\",\"valueRequired\":true,\"valueName\":\"search_term_string\"}}],\"inLanguage\":\"en-GB\"},{\"@type\":\"Organization\",\"@id\":\"https:\/\/lesterrassesdelabergerie.fr\/#organization\",\"name\":\"Les Terrasses de la Bergerie - Officiel Propri\u00e9taires\",\"url\":\"https:\/\/lesterrassesdelabergerie.fr\/\",\"logo\":{\"@type\":\"ImageObject\",\"inLanguage\":\"en-GB\",\"@id\":\"https:\/\/lesterrassesdelabergerie.fr\/#\/schema\/logo\/image\/\",\"url\":\"https:\/\/lesterrassesdelabergerie.fr\/wp-content\/uploads\/2021\/11\/cropped-imageedit_1_3368924813-1.png\",\"contentUrl\":\"https:\/\/lesterrassesdelabergerie.fr\/wp-content\/uploads\/2021\/11\/cropped-imageedit_1_3368924813-1.png\",\"width\":512,\"height\":512,\"caption\":\"Les Terrasses de la Bergerie - Officiel Propri\u00e9taires\"},\"image\":{\"@id\":\"https:\/\/lesterrassesdelabergerie.fr\/#\/schema\/logo\/image\/\"}}]}<\/script>\n<!-- \/ Yoast SEO plugin. -->","yoast_head_json":{"title":"Les Terrasses de la Bergerie - Informations G\u00e9n\u00e9rales","description":"Louez votre appartement dans la r\u00e9sidence la mieux situ\u00e9e a Orci\u00e8res - Rent your ski apartment in the best located residence at Orci\u00e8res.","robots":{"index":"index","follow":"follow","max-snippet":"max-snippet:-1","max-image-preview":"max-image-preview:large","max-video-preview":"max-video-preview:-1"},"canonical":"https:\/\/lesterrassesdelabergerie.fr\/en\/general-information\/","og_locale":"en_GB","og_type":"article","og_title":"Les Terrasses de la Bergerie - Informations G\u00e9n\u00e9rales","og_description":"Louez votre appartement dans la r\u00e9sidence la mieux situ\u00e9e a Orci\u00e8res - Rent your ski apartment in the best located residence at Orci\u00e8res.","og_url":"https:\/\/lesterrassesdelabergerie.fr\/en\/general-information\/","og_site_name":"Les Terrasses de la Bergerie - Officiel Propri\u00e9taires","article_modified_time":"2026-02-26T13:53:40+00:00","og_image":[{"url":"https:\/\/lesterrassesdelabergerie.fr\/wp-content\/uploads\/2022\/01\/skiset_336x280_fr-2.jpg","type":"","width":"","height":""}],"twitter_card":"summary_large_image","twitter_misc":{"Estimated reading time":"2 minutes"},"schema":{"@context":"https:\/\/schema.org","@graph":[{"@type":"WebPage","@id":"https:\/\/lesterrassesdelabergerie.fr\/informations-generales\/","url":"https:\/\/lesterrassesdelabergerie.fr\/informations-generales\/","name":"Les Terrasses de la Bergerie - Informations G\u00e9n\u00e9rales","isPartOf":{"@id":"https:\/\/lesterrassesdelabergerie.fr\/#website"},"primaryImageOfPage":{"@id":"https:\/\/lesterrassesdelabergerie.fr\/informations-generales\/#primaryimage"},"image":{"@id":"https:\/\/lesterrassesdelabergerie.fr\/informations-generales\/#primaryimage"},"thumbnailUrl":"https:\/\/lesterrassesdelabergerie.fr\/wp-content\/uploads\/2022\/01\/skiset_336x280_fr-2.jpg","datePublished":"2021-02-23T22:40:21+00:00","dateModified":"2026-02-26T13:53:40+00:00","description":"Louez votre appartement dans la r\u00e9sidence la mieux situ\u00e9e a Orci\u00e8res - Rent your ski apartment in the best located residence at Orci\u00e8res.","breadcrumb":{"@id":"https:\/\/lesterrassesdelabergerie.fr\/informations-generales\/#breadcrumb"},"inLanguage":"en-GB","potentialAction":[{"@type":"ReadAction","target":["https:\/\/lesterrassesdelabergerie.fr\/informations-generales\/"]}]},{"@type":"ImageObject","inLanguage":"en-GB","@id":"https:\/\/lesterrassesdelabergerie.fr\/informations-generales\/#primaryimage","url":"https:\/\/lesterrassesdelabergerie.fr\/wp-content\/uploads\/2022\/01\/skiset_336x280_fr-2.jpg","contentUrl":"https:\/\/lesterrassesdelabergerie.fr\/wp-content\/uploads\/2022\/01\/skiset_336x280_fr-2.jpg"},{"@type":"BreadcrumbList","@id":"https:\/\/lesterrassesdelabergerie.fr\/informations-generales\/#breadcrumb","itemListElement":[{"@type":"ListItem","position":1,"name":"Home","item":"https:\/\/lesterrassesdelabergerie.fr\/"},{"@type":"ListItem","position":2,"name":"Informations G\u00e9n\u00e9rales"}]},{"@type":"WebSite","@id":"https:\/\/lesterrassesdelabergerie.fr\/#website","url":"https:\/\/lesterrassesdelabergerie.fr\/","name":"Les Terrasses de la Bergerie - Officiel Propri\u00e9taires","description":"Les Terrasses de la Bergerie","publisher":{"@id":"https:\/\/lesterrassesdelabergerie.fr\/#organization"},"potentialAction":[{"@type":"SearchAction","target":{"@type":"EntryPoint","urlTemplate":"https:\/\/lesterrassesdelabergerie.fr\/?s={search_term_string}"},"query-input":{"@type":"PropertyValueSpecification","valueRequired":true,"valueName":"search_term_string"}}],"inLanguage":"en-GB"},{"@type":"Organization","@id":"https:\/\/lesterrassesdelabergerie.fr\/#organization","name":"Les Terrasses de la Bergerie - Officiel Propri\u00e9taires","url":"https:\/\/lesterrassesdelabergerie.fr\/","logo":{"@type":"ImageObject","inLanguage":"en-GB","@id":"https:\/\/lesterrassesdelabergerie.fr\/#\/schema\/logo\/image\/","url":"https:\/\/lesterrassesdelabergerie.fr\/wp-content\/uploads\/2021\/11\/cropped-imageedit_1_3368924813-1.png","contentUrl":"https:\/\/lesterrassesdelabergerie.fr\/wp-content\/uploads\/2021\/11\/cropped-imageedit_1_3368924813-1.png","width":512,"height":512,"caption":"Les Terrasses de la Bergerie - Officiel Propri\u00e9taires"},"image":{"@id":"https:\/\/lesterrassesdelabergerie.fr\/#\/schema\/logo\/image\/"}}]}},"_links":{"self":[{"href":"https:\/\/lesterrassesdelabergerie.fr\/en\/wp-json\/wp\/v2\/pages\/466","targetHints":{"allow":["GET"]}}],"collection":[{"href":"https:\/\/lesterrassesdelabergerie.fr\/en\/wp-json\/wp\/v2\/pages"}],"about":[{"href":"https:\/\/lesterrassesdelabergerie.fr\/en\/wp-json\/wp\/v2\/types\/page"}],"author":[{"embeddable":true,"href":"https:\/\/lesterrassesdelabergerie.fr\/en\/wp-json\/wp\/v2\/users\/1"}],"replies":[{"embeddable":true,"href":"https:\/\/lesterrassesdelabergerie.fr\/en\/wp-json\/wp\/v2\/comments?post=466"}],"version-history":[{"count":87,"href":"https:\/\/lesterrassesdelabergerie.fr\/en\/wp-json\/wp\/v2\/pages\/466\/revisions"}],"predecessor-version":[{"id":4391,"href":"https:\/\/lesterrassesdelabergerie.fr\/en\/wp-json\/wp\/v2\/pages\/466\/revisions\/4391"}],"wp:attachment":[{"href":"https:\/\/lesterrassesdelabergerie.fr\/en\/wp-json\/wp\/v2\/media?parent=466"}],"curies":[{"name":"wp","href":"https:\/\/api.w.org\/{rel}","templated":true}]}}